{"id":1442,"date":"2024-02-15T19:03:52","date_gmt":"2024-02-15T18:03:52","guid":{"rendered":"https:\/\/www.account-pl.eu\/?page_id=1442"},"modified":"2026-03-23T11:25:30","modified_gmt":"2026-03-23T10:25:30","slug":"training","status":"publish","type":"page","link":"https:\/\/www.account-pl.eu\/en\/services-rendered\/training\/","title":{"rendered":"Training"},"content":{"rendered":"\t\t<div data-elementor-type=\"wp-page\" data-elementor-id=\"1442\" class=\"elementor elementor-1442 elementor-553\">\n\t\t\t\t<div class=\"elementor-element elementor-element-e5dda2a e-con-full section__welcome e-flex e-con e-parent\" data-id=\"e5dda2a\" data-element_type=\"container\" data-settings=\"{&quot;background_background&quot;:&quot;classic&quot;}\">\n\t\t\t\t<div class=\"elementor-element elementor-element-f28d6a7 elementor-widget elementor-widget-heading\" data-id=\"f28d6a7\" data-element_type=\"widget\" data-widget_type=\"heading.default\">\n\t\t\t\t<div class=\"elementor-widget-container\">\n\t\t\t\t\t<h1 class=\"elementor-heading-title elementor-size-default\">Training<\/h1>\t\t\t\t<\/div>\n\t\t\t\t<\/div>\n\t\t\t\t<div class=\"elementor-element elementor-element-7c18549 elementor-widget__width-initial elementor-widget elementor-widget-text-editor\" data-id=\"7c18549\" data-element_type=\"widget\" data-widget_type=\"text-editor.default\">\n\t\t\t\t<div class=\"elementor-widget-container\">\n\t\t\t\t\t\t\t\t\t<p>Strengthen and develop your knowledge with us!<\/p>\t\t\t\t\t\t\t\t<\/div>\n\t\t\t\t<\/div>\n\t\t\t\t<div class=\"elementor-element elementor-element-c09280d account-btn elementor-align-center elementor-widget elementor-widget-button\" data-id=\"c09280d\" data-element_type=\"widget\" data-widget_type=\"button.default\">\n\t\t\t\t<div class=\"elementor-widget-container\">\n\t\t\t\t\t\t\t\t\t<div class=\"elementor-button-wrapper\">\n\t\t\t\t\t<a class=\"elementor-button elementor-button-link elementor-size-md\" href=\"#services\">\n\t\t\t\t\t\t<span class=\"elementor-button-content-wrapper\">\n\t\t\t\t\t\t<span class=\"elementor-button-icon\">\n\t\t\t\t<svg xmlns=\"http:\/\/www.w3.org\/2000\/svg\" fill=\"#ffffff\" width=\"22px\" height=\"22px\" viewBox=\"-12 0 32 32\"><path d=\"M0.88 23.28c-0.2 0-0.44-0.080-0.6-0.24-0.32-0.32-0.32-0.84 0-1.2l5.76-5.84-5.8-5.84c-0.32-0.32-0.32-0.84 0-1.2 0.32-0.32 0.84-0.32 1.2 0l6.44 6.44c0.16 0.16 0.24 0.36 0.24 0.6s-0.080 0.44-0.24 0.6l-6.4 6.44c-0.2 0.16-0.4 0.24-0.6 0.24z\"><\/path><\/svg>\t\t\t<\/span>\n\t\t\t\t\t\t\t\t<\/span>\n\t\t\t\t\t<\/a>\n\t\t\t\t<\/div>\n\t\t\t\t\t\t\t\t<\/div>\n\t\t\t\t<\/div>\n\t\t\t\t<\/div>\n\t\t<div class=\"elementor-element elementor-element-3f077e26 acc--breadcrumbs e-flex e-con-boxed e-con e-parent\" data-id=\"3f077e26\" data-element_type=\"container\">\n\t\t\t\t\t<div class=\"e-con-inner\">\n\t\t\t\t<div class=\"elementor-element elementor-element-401be739 elementor-widget elementor-widget-text-editor\" data-id=\"401be739\" data-element_type=\"widget\" data-widget_type=\"text-editor.default\">\n\t\t\t\t<div class=\"elementor-widget-container\">\n\t\t\t\t\t\t\t\t\t<span><span><a href=\"https:\/\/www.account-pl.eu\/en\/\">Homepage<\/a><\/span><\/span>\t\t\t\t\t\t\t\t<\/div>\n\t\t\t\t<\/div>\n\t\t\t\t\t<\/div>\n\t\t\t\t<\/div>\n\t\t<div class=\"elementor-element elementor-element-f283dbf standard__section e-flex e-con-boxed elementor-invisible e-con e-parent\" data-id=\"f283dbf\" data-element_type=\"container\" id=\"services\" data-settings=\"{&quot;animation&quot;:&quot;fadeIn&quot;}\">\n\t\t\t\t\t<div class=\"e-con-inner\">\n\t\t<div class=\"elementor-element elementor-element-acd486f e-con-full pr-64 col-50 e-flex e-con e-child\" data-id=\"acd486f\" data-element_type=\"container\">\n\t\t\t\t<div class=\"elementor-element elementor-element-8640e94 elementor-widget elementor-widget-heading\" data-id=\"8640e94\" data-element_type=\"widget\" data-widget_type=\"heading.default\">\n\t\t\t\t<div class=\"elementor-widget-container\">\n\t\t\t\t\t<h2 class=\"elementor-heading-title elementor-size-default\">Training<\/h2>\t\t\t\t<\/div>\n\t\t\t\t<\/div>\n\t\t\t\t<div class=\"elementor-element elementor-element-4b135a0 elementor-widget elementor-widget-text-editor\" data-id=\"4b135a0\" data-element_type=\"widget\" data-widget_type=\"text-editor.default\">\n\t\t\t\t<div class=\"elementor-widget-container\">\n\t\t\t\t\t\t\t\t\t<p>We offer specialist training courses and workshops for financial staff in respect of:<\/p>\t\t\t\t\t\t\t\t<\/div>\n\t\t\t\t<\/div>\n\t\t\t\t<div class=\"elementor-element elementor-element-22f3096 standard-text elementor-widget elementor-widget-text-editor\" data-id=\"22f3096\" data-element_type=\"widget\" data-widget_type=\"text-editor.default\">\n\t\t\t\t<div class=\"elementor-widget-container\">\n\t\t\t\t\t\t\t\t\t<ul><li>International Financial Reporting Standards,<\/li><li>Accounting Act,<\/li><li>financial analysis of financial statements,<\/li><li>management accounting.<\/li><\/ul>\t\t\t\t\t\t\t\t<\/div>\n\t\t\t\t<\/div>\n\t\t\t\t<div class=\"elementor-element elementor-element-afffbfb elementor-widget elementor-widget-text-editor\" data-id=\"afffbfb\" data-element_type=\"widget\" data-widget_type=\"text-editor.default\">\n\t\t\t\t<div class=\"elementor-widget-container\">\n\t\t\t\t\t\t\t\t\t<p>We offer specialist training courses and workshops for auditors in respect of:<\/p>\t\t\t\t\t\t\t\t<\/div>\n\t\t\t\t<\/div>\n\t\t\t\t<div class=\"elementor-element elementor-element-8d5d65f standard-text elementor-widget elementor-widget-text-editor\" data-id=\"8d5d65f\" data-element_type=\"widget\" data-widget_type=\"text-editor.default\">\n\t\t\t\t<div class=\"elementor-widget-container\">\n\t\t\t\t\t\t\t\t\t<ul><li>International Auditing Standards,<\/li><li>International Financial Reporting Standards,<\/li><li>Accounting Act,<\/li><li>financial analysis of financial statements.<\/li><\/ul>\t\t\t\t\t\t\t\t<\/div>\n\t\t\t\t<\/div>\n\t\t\t\t<\/div>\n\t\t<div class=\"elementor-element elementor-element-b5ba277 e-con-full col-50 e-flex e-con e-child\" data-id=\"b5ba277\" data-element_type=\"container\">\n\t\t\t\t<div class=\"elementor-element elementor-element-d049bda elementor-widget elementor-widget-image\" data-id=\"d049bda\" data-element_type=\"widget\" data-widget_type=\"image.default\">\n\t\t\t\t<div class=\"elementor-widget-container\">\n\t\t\t\t\t\t\t\t\t\t\t\t\t\t\t<img fetchpriority=\"high\" decoding=\"async\" width=\"767\" height=\"500\" src=\"https:\/\/www.account-pl.eu\/wp-content\/uploads\/2024\/02\/szkolenia1.jpg\" class=\"attachment-full size-full wp-image-1286\" alt=\"Szkolenia ksi\u0119gowo\u015b\u0107 Warszawa\" srcset=\"https:\/\/www.account-pl.eu\/wp-content\/uploads\/2024\/02\/szkolenia1.jpg 767w, https:\/\/www.account-pl.eu\/wp-content\/uploads\/2024\/02\/szkolenia1-300x196.jpg 300w\" sizes=\"(max-width: 767px) 100vw, 767px\" \/>\t\t\t\t\t\t\t\t\t\t\t\t\t\t\t<\/div>\n\t\t\t\t<\/div>\n\t\t\t\t<\/div>\n\t\t\t\t\t<\/div>\n\t\t\t\t<\/div>\n\t\t<div class=\"elementor-element elementor-element-2fb42298 contact--section pt-100 pb-100 e-flex e-con-boxed elementor-invisible e-con e-parent\" data-id=\"2fb42298\" data-element_type=\"container\" data-settings=\"{&quot;background_background&quot;:&quot;classic&quot;,&quot;animation&quot;:&quot;fadeIn&quot;}\">\n\t\t\t\t\t<div class=\"e-con-inner\">\n\t\t\t\t<div class=\"elementor-element elementor-element-596b081b elementor-widget elementor-widget-heading\" data-id=\"596b081b\" data-element_type=\"widget\" data-widget_type=\"heading.default\">\n\t\t\t\t<div class=\"elementor-widget-container\">\n\t\t\t\t\t<h3 class=\"elementor-heading-title elementor-size-default\">Contact us<\/h3>\t\t\t\t<\/div>\n\t\t\t\t<\/div>\n\t\t\t\t<div class=\"elementor-element elementor-element-273e158c elementor-widget elementor-widget-text-editor\" data-id=\"273e158c\" data-element_type=\"widget\" data-widget_type=\"text-editor.default\">\n\t\t\t\t<div class=\"elementor-widget-container\">\n\t\t\t\t\t\t\t\t\tWe will propose the best solutions for your company\t\t\t\t\t\t\t\t<\/div>\n\t\t\t\t<\/div>\n\t\t\t\t<div class=\"elementor-element elementor-element-31dc475c elementor-align-center custom_contact_button elementor-widget elementor-widget-button\" data-id=\"31dc475c\" data-element_type=\"widget\" data-widget_type=\"button.default\">\n\t\t\t\t<div class=\"elementor-widget-container\">\n\t\t\t\t\t\t\t\t\t<div class=\"elementor-button-wrapper\">\n\t\t\t\t\t<a class=\"elementor-button elementor-button-link elementor-size-sm\" href=\"#\">\n\t\t\t\t\t\t<span class=\"elementor-button-content-wrapper\">\n\t\t\t\t\t\t<span class=\"elementor-button-icon\">\n\t\t\t\t<svg xmlns=\"http:\/\/www.w3.org\/2000\/svg\" id=\"Layer_1\" data-name=\"Layer 1\" viewBox=\"0 0 24 24\" width=\"32\" height=\"32\"><path d=\"M24,10v9c0,2.76-2.24,5-5,5H5c-2.76,0-5-2.24-5-5V8C0,5.24,2.24,3,5,3H13c.55,0,1,.45,1,1s-.45,1-1,1H5c-1.15,0-2.14,.65-2.65,1.59l7.53,7.53c1.17,1.17,3.07,1.17,4.24,0l3.82-3.82c.39-.39,1.02-.39,1.41,0s.39,1.02,0,1.41l-3.82,3.82c-.97,.97-2.26,1.46-3.54,1.46s-2.56-.49-3.54-1.46L2,9.07v9.93c0,1.65,1.35,3,3,3h14c1.65,0,3-1.35,3-3V10c0-.55,.45-1,1-1s1,.45,1,1Zm-8-6c0-2.21,1.79-4,4-4s4,1.79,4,4-1.79,4-4,4-4-1.79-4-4Zm2,0c0,1.1,.9,2,2,2s2-.9,2-2-.9-2-2-2-2,.9-2,2Z\"><\/path><\/svg>\t\t\t<\/span>\n\t\t\t\t\t\t\t\t\t<span class=\"elementor-button-text\"><span><\/span>Valuation<br>online<\/span>\n\t\t\t\t\t<\/span>\n\t\t\t\t\t<\/a>\n\t\t\t\t<\/div>\n\t\t\t\t\t\t\t\t<\/div>\n\t\t\t\t<\/div>\n\t\t\t\t\t<\/div>\n\t\t\t\t<\/div>\n\t\t<div class=\"elementor-element elementor-element-2b920906 account--infosection pt-100 e-flex e-con-boxed elementor-invisible e-con e-parent\" data-id=\"2b920906\" data-element_type=\"container\" data-settings=\"{&quot;animation&quot;:&quot;fadeIn&quot;}\">\n\t\t\t\t\t<div class=\"e-con-inner\">\n\t\t<div class=\"elementor-element elementor-element-24b9cdeb e-con-full account--infosection--rightcol e-flex e-con e-child\" data-id=\"24b9cdeb\" data-element_type=\"container\">\n\t\t\t\t<div class=\"elementor-element elementor-element-de2b19e elementor-widget elementor-widget-heading\" data-id=\"de2b19e\" data-element_type=\"widget\" data-widget_type=\"heading.default\">\n\t\t\t\t<div class=\"elementor-widget-container\">\n\t\t\t\t\t<h2 class=\"elementor-heading-title elementor-size-default\">Location<\/h2>\t\t\t\t<\/div>\n\t\t\t\t<\/div>\n\t\t\t\t<div class=\"elementor-element elementor-element-59ad5756 elementor-widget elementor-widget-text-editor\" data-id=\"59ad5756\" data-element_type=\"widget\" data-widget_type=\"text-editor.default\">\n\t\t\t\t<div class=\"elementor-widget-container\">\n\t\t\t\t\t\t\t\t\t<p>Warsaw Mokot\u00f3w, Aleja Wilanowska 269<\/p>\t\t\t\t\t\t\t\t<\/div>\n\t\t\t\t<\/div>\n\t\t\t\t<div class=\"elementor-element elementor-element-22a9b028 elementor-widget elementor-widget-html\" data-id=\"22a9b028\" data-element_type=\"widget\" data-widget_type=\"html.default\">\n\t\t\t\t<div class=\"elementor-widget-container\">\n\t\t\t\t\t<iframe src=\"https:\/\/www.google.com\/maps\/embed?pb=!1m18!1m12!1m3!1d2446.707465747208!2d21.036923077997844!3d52.17601197197299!2m3!1f0!2f0!3f0!3m2!1i1024!2i768!4f13.1!3m3!1m2!1s0x471932b880fff06d%3A0xc41ec44c1fc1f907!2sAccount%20Sp.%20z%20o.o.!5e0!3m2!1spl!2sus!4v1707594666019!5m2!1spl!2sus\" width=\"100%\" height=\"620\" style=\"border:0;\" allowfullscreen=\"\" loading=\"lazy\" referrerpolicy=\"no-referrer-when-downgrade\"><\/iframe>\t\t\t\t<\/div>\n\t\t\t\t<\/div>\n\t\t\t\t<\/div>\n\t\t\t\t\t<\/div>\n\t\t\t\t<\/div>\n\t\t<div class=\"elementor-element elementor-element-4716e7de contact--info pt-100 pb-100 e-flex e-con-boxed elementor-invisible e-con e-parent\" data-id=\"4716e7de\" data-element_type=\"container\" data-settings=\"{&quot;animation&quot;:&quot;fadeIn&quot;}\">\n\t\t\t\t\t<div class=\"e-con-inner\">\n\t\t<div class=\"elementor-element elementor-element-4d2237b3 e-con-full contact--info--leftcol e-flex e-con e-child\" data-id=\"4d2237b3\" data-element_type=\"container\">\n\t\t\t\t<div class=\"elementor-element elementor-element-351bd338 elementor-widget elementor-widget-heading\" data-id=\"351bd338\" data-element_type=\"widget\" data-widget_type=\"heading.default\">\n\t\t\t\t<div class=\"elementor-widget-container\">\n\t\t\t\t\t<h3 class=\"elementor-heading-title elementor-size-default\">We invite you to cooperate<\/h3>\t\t\t\t<\/div>\n\t\t\t\t<\/div>\n\t\t\t\t<div class=\"elementor-element elementor-element-70ad4bae elementor-widget elementor-widget-text-editor\" data-id=\"70ad4bae\" data-element_type=\"widget\" data-widget_type=\"text-editor.default\">\n\t\t\t\t<div class=\"elementor-widget-container\">\n\t\t\t\t\t\t\t\t\t<p>We will help you develop your company<\/p>\t\t\t\t\t\t\t\t<\/div>\n\t\t\t\t<\/div>\n\t\t\t\t<\/div>\n\t\t<div class=\"elementor-element elementor-element-4d20b32e e-con-full contact--info--rightcol e-flex e-con e-child\" data-id=\"4d20b32e\" data-element_type=\"container\">\n\t\t\t\t<div class=\"elementor-element elementor-element-2da64e0b elementor-position-left elementor-view-default elementor-mobile-position-top elementor-widget elementor-widget-icon-box\" data-id=\"2da64e0b\" data-element_type=\"widget\" data-widget_type=\"icon-box.default\">\n\t\t\t\t<div class=\"elementor-widget-container\">\n\t\t\t\t\t\t\t<div class=\"elementor-icon-box-wrapper\">\n\n\t\t\t\t\t\t<div class=\"elementor-icon-box-icon\">\n\t\t\t\t<a href=\"tel:577600407\" class=\"elementor-icon\" tabindex=\"-1\" aria-label=\"577 600 407\">\n\t\t\t\t<svg xmlns=\"http:\/\/www.w3.org\/2000\/svg\" width=\"800px\" height=\"800px\" viewBox=\"0 0 24 24\" fill=\"none\"><path d=\"M4.00655 7.93309C3.93421 9.84122 4.41713 13.0817 7.6677 16.3323C8.45191 17.1165 9.23553 17.7396 10 18.2327M5.53781 4.93723C6.93076 3.54428 9.15317 3.73144 10.0376 5.31617L10.6866 6.4791C11.2723 7.52858 11.0372 8.90532 10.1147 9.8278C10.1147 9.8278 10.1147 9.8278 10.1147 9.8278C10.1146 9.82792 8.99588 10.9468 11.0245 12.9755C13.0525 15.0035 14.1714 13.8861 14.1722 13.8853C14.1722 13.8853 14.1722 13.8853 14.1722 13.8853C15.0947 12.9628 16.4714 12.7277 17.5209 13.3134L18.6838 13.9624C20.2686 14.8468 20.4557 17.0692 19.0628 18.4622C18.2258 19.2992 17.2004 19.9505 16.0669 19.9934C15.2529 20.0243 14.1963 19.9541 13 19.6111\" stroke=\"#1EA8FF\" stroke-width=\"1.5\" stroke-linecap=\"round\"><\/path><\/svg>\t\t\t\t<\/a>\n\t\t\t<\/div>\n\t\t\t\n\t\t\t\t\t\t<div class=\"elementor-icon-box-content\">\n\n\t\t\t\t\t\t\t\t\t<p class=\"elementor-icon-box-title\">\n\t\t\t\t\t\t<a href=\"tel:577600407\" >\n\t\t\t\t\t\t\t577 600 407\t\t\t\t\t\t<\/a>\n\t\t\t\t\t<\/p>\n\t\t\t\t\n\t\t\t\t\t\t\t\t\t<p class=\"elementor-icon-box-description\">\n\t\t\t\t\t\tTelephone\/fax\t\t\t\t\t<\/p>\n\t\t\t\t\n\t\t\t<\/div>\n\t\t\t\n\t\t<\/div>\n\t\t\t\t\t\t<\/div>\n\t\t\t\t<\/div>\n\t\t\t\t<div class=\"elementor-element elementor-element-38fff655 elementor-position-left elementor-view-default elementor-mobile-position-top elementor-widget elementor-widget-icon-box\" data-id=\"38fff655\" data-element_type=\"widget\" data-widget_type=\"icon-box.default\">\n\t\t\t\t<div class=\"elementor-widget-container\">\n\t\t\t\t\t\t\t<div class=\"elementor-icon-box-wrapper\">\n\n\t\t\t\t\t\t<div class=\"elementor-icon-box-icon\">\n\t\t\t\t<a href=\"mailto:info@account-pl.eu\" class=\"elementor-icon\" tabindex=\"-1\" aria-label=\"info@account-pl.eu\">\n\t\t\t\t<svg xmlns=\"http:\/\/www.w3.org\/2000\/svg\" width=\"800px\" height=\"800px\" viewBox=\"0 0 24 24\" fill=\"none\"><path fill-rule=\"evenodd\" clip-rule=\"evenodd\" d=\"M23 6V18C23 19.6523 21.6523 21 20 21H4C2.34772 21 1 19.6523 1 18V6C1 4.34315 2.34315 3 4 3H20C21.6569 3 23 4.34315 23 6ZM3.10658 5.55395C3.27196 5.22692 3.61204 5 4 5H20C20.388 5 20.728 5.22692 20.8934 5.55395L12 11.7793L3.10658 5.55395ZM3 7.92066L10.8531 13.4178C11.5417 13.8999 12.4583 13.8999 13.1469 13.4178L21 7.92066V18C21 18.5477 20.5477 19 20 19H4C3.45228 19 3 18.5477 3 18V7.92066Z\" fill=\"#1EA8FF\"><\/path><\/svg>\t\t\t\t<\/a>\n\t\t\t<\/div>\n\t\t\t\n\t\t\t\t\t\t<div class=\"elementor-icon-box-content\">\n\n\t\t\t\t\t\t\t\t\t<p class=\"elementor-icon-box-title\">\n\t\t\t\t\t\t<a href=\"mailto:info@account-pl.eu\" >\n\t\t\t\t\t\t\tinfo@account-pl.eu\t\t\t\t\t\t<\/a>\n\t\t\t\t\t<\/p>\n\t\t\t\t\n\t\t\t\t\t\t\t\t\t<p class=\"elementor-icon-box-description\">\n\t\t\t\t\t\tSend a message\t\t\t\t\t<\/p>\n\t\t\t\t\n\t\t\t<\/div>\n\t\t\t\n\t\t<\/div>\n\t\t\t\t\t\t<\/div>\n\t\t\t\t<\/div>\n\t\t\t\t<\/div>\n\t\t\t\t\t<\/div>\n\t\t\t\t<\/div>\n\t\t\t\t<\/div>\n\t\t","protected":false},"excerpt":{"rendered":"<p>Training Strengthen and develop your knowledge with us! Training We offer specialist training courses and workshops for financial staff in respect of: International Financial Reporting Standards, Accounting Act, financial analysis of financial statements, management accounting. We offer specialist training courses and workshops for auditors in respect of: International Auditing Standards, International Financial Reporting Standards, Accounting [&hellip;]<\/p>\n","protected":false},"author":1,"featured_media":0,"parent":1436,"menu_order":0,"comment_status":"closed","ping_status":"closed","template":"","meta":{"footnotes":""},"class_list":["post-1442","page","type-page","status-publish","hentry"],"yoast_head":"<!-- This site is optimized with the Yoast SEO plugin v27.2 - https:\/\/yoast.com\/product\/yoast-seo-wordpress\/ -->\n<title>Training - Account Ltd<\/title>\n<meta name=\"robots\" content=\"index, follow, max-snippet:-1, max-image-preview:large, max-video-preview:-1\" \/>\n<link rel=\"canonical\" href=\"https:\/\/www.account-pl.eu\/en\/services-rendered\/training\/\" \/>\n<meta property=\"og:locale\" content=\"en_US\" \/>\n<meta property=\"og:type\" content=\"article\" \/>\n<meta property=\"og:title\" content=\"Training - Account Ltd\" \/>\n<meta property=\"og:description\" content=\"Training Strengthen and develop your knowledge with us! Training We offer specialist training courses and workshops for financial staff in respect of: International Financial Reporting Standards, Accounting Act, financial analysis of financial statements, management accounting. We offer specialist training courses and workshops for auditors in respect of: International Auditing Standards, International Financial Reporting Standards, Accounting [&hellip;]\" \/>\n<meta property=\"og:url\" content=\"https:\/\/www.account-pl.eu\/en\/services-rendered\/training\/\" \/>\n<meta property=\"og:site_name\" content=\"Biuro Rachunkowe Account\" \/>\n<meta property=\"article:modified_time\" content=\"2026-03-23T10:25:30+00:00\" \/>\n<meta property=\"og:image\" content=\"https:\/\/www.account-pl.eu\/wp-content\/uploads\/2024\/06\/account-ogimage.jpg\" \/>\n\t<meta property=\"og:image:width\" content=\"1200\" \/>\n\t<meta property=\"og:image:height\" content=\"630\" \/>\n\t<meta property=\"og:image:type\" content=\"image\/jpeg\" \/>\n<meta name=\"twitter:card\" content=\"summary_large_image\" \/>\n<meta name=\"twitter:label1\" content=\"Est. reading time\" \/>\n\t<meta name=\"twitter:data1\" content=\"1 minute\" \/>\n<script type=\"application\/ld+json\" class=\"yoast-schema-graph\">{\"@context\":\"https:\/\/schema.org\",\"@graph\":[{\"@type\":\"WebPage\",\"@id\":\"https:\/\/www.account-pl.eu\/en\/services-rendered\/training\/\",\"url\":\"https:\/\/www.account-pl.eu\/en\/services-rendered\/training\/\",\"name\":\"Training - Account Ltd\",\"isPartOf\":{\"@id\":\"https:\/\/www.account-pl.eu\/en\/#website\"},\"primaryImageOfPage\":{\"@id\":\"https:\/\/www.account-pl.eu\/en\/services-rendered\/training\/#primaryimage\"},\"image\":{\"@id\":\"https:\/\/www.account-pl.eu\/en\/services-rendered\/training\/#primaryimage\"},\"thumbnailUrl\":\"https:\/\/www.account-pl.eu\/wp-content\/uploads\/2024\/02\/szkolenia1.jpg\",\"datePublished\":\"2024-02-15T18:03:52+00:00\",\"dateModified\":\"2026-03-23T10:25:30+00:00\",\"breadcrumb\":{\"@id\":\"https:\/\/www.account-pl.eu\/en\/services-rendered\/training\/#breadcrumb\"},\"inLanguage\":\"en-US\",\"potentialAction\":[{\"@type\":\"ReadAction\",\"target\":[\"https:\/\/www.account-pl.eu\/en\/services-rendered\/training\/\"]}]},{\"@type\":\"ImageObject\",\"inLanguage\":\"en-US\",\"@id\":\"https:\/\/www.account-pl.eu\/en\/services-rendered\/training\/#primaryimage\",\"url\":\"https:\/\/www.account-pl.eu\/wp-content\/uploads\/2024\/02\/szkolenia1.jpg\",\"contentUrl\":\"https:\/\/www.account-pl.eu\/wp-content\/uploads\/2024\/02\/szkolenia1.jpg\"},{\"@type\":\"BreadcrumbList\",\"@id\":\"https:\/\/www.account-pl.eu\/en\/services-rendered\/training\/#breadcrumb\",\"itemListElement\":[{\"@type\":\"ListItem\",\"position\":1,\"name\":\"Homepage\",\"item\":\"https:\/\/www.account-pl.eu\/en\/\"},{\"@type\":\"ListItem\",\"position\":2,\"name\":\"Offer\",\"item\":\"https:\/\/www.account-pl.eu\/en\/services-rendered\/\"},{\"@type\":\"ListItem\",\"position\":3,\"name\":\"Training\"}]},{\"@type\":\"WebSite\",\"@id\":\"https:\/\/www.account-pl.eu\/en\/#website\",\"url\":\"https:\/\/www.account-pl.eu\/en\/\",\"name\":\"Biuro Rachunkowe Account\",\"description\":\"\",\"potentialAction\":[{\"@type\":\"SearchAction\",\"target\":{\"@type\":\"EntryPoint\",\"urlTemplate\":\"https:\/\/www.account-pl.eu\/en\/?s={search_term_string}\"},\"query-input\":{\"@type\":\"PropertyValueSpecification\",\"valueRequired\":true,\"valueName\":\"search_term_string\"}}],\"inLanguage\":\"en-US\"}]}<\/script>\n<!-- \/ Yoast SEO plugin. -->","yoast_head_json":{"title":"Training - Account Ltd","robots":{"index":"index","follow":"follow","max-snippet":"max-snippet:-1","max-image-preview":"max-image-preview:large","max-video-preview":"max-video-preview:-1"},"canonical":"https:\/\/www.account-pl.eu\/en\/services-rendered\/training\/","og_locale":"en_US","og_type":"article","og_title":"Training - Account Ltd","og_description":"Training Strengthen and develop your knowledge with us! Training We offer specialist training courses and workshops for financial staff in respect of: International Financial Reporting Standards, Accounting Act, financial analysis of financial statements, management accounting. We offer specialist training courses and workshops for auditors in respect of: International Auditing Standards, International Financial Reporting Standards, Accounting [&hellip;]","og_url":"https:\/\/www.account-pl.eu\/en\/services-rendered\/training\/","og_site_name":"Biuro Rachunkowe Account","article_modified_time":"2026-03-23T10:25:30+00:00","og_image":[{"width":1200,"height":630,"url":"https:\/\/www.account-pl.eu\/wp-content\/uploads\/2024\/06\/account-ogimage.jpg","type":"image\/jpeg"}],"twitter_card":"summary_large_image","twitter_misc":{"Est. reading time":"1 minute"},"schema":{"@context":"https:\/\/schema.org","@graph":[{"@type":"WebPage","@id":"https:\/\/www.account-pl.eu\/en\/services-rendered\/training\/","url":"https:\/\/www.account-pl.eu\/en\/services-rendered\/training\/","name":"Training - Account Ltd","isPartOf":{"@id":"https:\/\/www.account-pl.eu\/en\/#website"},"primaryImageOfPage":{"@id":"https:\/\/www.account-pl.eu\/en\/services-rendered\/training\/#primaryimage"},"image":{"@id":"https:\/\/www.account-pl.eu\/en\/services-rendered\/training\/#primaryimage"},"thumbnailUrl":"https:\/\/www.account-pl.eu\/wp-content\/uploads\/2024\/02\/szkolenia1.jpg","datePublished":"2024-02-15T18:03:52+00:00","dateModified":"2026-03-23T10:25:30+00:00","breadcrumb":{"@id":"https:\/\/www.account-pl.eu\/en\/services-rendered\/training\/#breadcrumb"},"inLanguage":"en-US","potentialAction":[{"@type":"ReadAction","target":["https:\/\/www.account-pl.eu\/en\/services-rendered\/training\/"]}]},{"@type":"ImageObject","inLanguage":"en-US","@id":"https:\/\/www.account-pl.eu\/en\/services-rendered\/training\/#primaryimage","url":"https:\/\/www.account-pl.eu\/wp-content\/uploads\/2024\/02\/szkolenia1.jpg","contentUrl":"https:\/\/www.account-pl.eu\/wp-content\/uploads\/2024\/02\/szkolenia1.jpg"},{"@type":"BreadcrumbList","@id":"https:\/\/www.account-pl.eu\/en\/services-rendered\/training\/#breadcrumb","itemListElement":[{"@type":"ListItem","position":1,"name":"Homepage","item":"https:\/\/www.account-pl.eu\/en\/"},{"@type":"ListItem","position":2,"name":"Offer","item":"https:\/\/www.account-pl.eu\/en\/services-rendered\/"},{"@type":"ListItem","position":3,"name":"Training"}]},{"@type":"WebSite","@id":"https:\/\/www.account-pl.eu\/en\/#website","url":"https:\/\/www.account-pl.eu\/en\/","name":"Biuro Rachunkowe Account","description":"","potentialAction":[{"@type":"SearchAction","target":{"@type":"EntryPoint","urlTemplate":"https:\/\/www.account-pl.eu\/en\/?s={search_term_string}"},"query-input":{"@type":"PropertyValueSpecification","valueRequired":true,"valueName":"search_term_string"}}],"inLanguage":"en-US"}]}},"_links":{"self":[{"href":"https:\/\/www.account-pl.eu\/en\/wp-json\/wp\/v2\/pages\/1442","targetHints":{"allow":["GET"]}}],"collection":[{"href":"https:\/\/www.account-pl.eu\/en\/wp-json\/wp\/v2\/pages"}],"about":[{"href":"https:\/\/www.account-pl.eu\/en\/wp-json\/wp\/v2\/types\/page"}],"author":[{"embeddable":true,"href":"https:\/\/www.account-pl.eu\/en\/wp-json\/wp\/v2\/users\/1"}],"replies":[{"embeddable":true,"href":"https:\/\/www.account-pl.eu\/en\/wp-json\/wp\/v2\/comments?post=1442"}],"version-history":[{"count":10,"href":"https:\/\/www.account-pl.eu\/en\/wp-json\/wp\/v2\/pages\/1442\/revisions"}],"predecessor-version":[{"id":1962,"href":"https:\/\/www.account-pl.eu\/en\/wp-json\/wp\/v2\/pages\/1442\/revisions\/1962"}],"up":[{"embeddable":true,"href":"https:\/\/www.account-pl.eu\/en\/wp-json\/wp\/v2\/pages\/1436"}],"wp:attachment":[{"href":"https:\/\/www.account-pl.eu\/en\/wp-json\/wp\/v2\/media?parent=1442"}],"curies":[{"name":"wp","href":"https:\/\/api.w.org\/{rel}","templated":true}]}}